{"id":205,"date":"2024-12-21T18:56:06","date_gmt":"2024-12-21T18:56:06","guid":{"rendered":"https:\/\/hammurabisigorta.com\/wp\/?page_id=205"},"modified":"2024-12-22T09:26:42","modified_gmt":"2024-12-22T09:26:42","slug":"trafik-sigortasi","status":"publish","type":"page","link":"https:\/\/hammurabisigorta.com\/?page_id=205","title":{"rendered":"Trafik Sigortas\u0131"},"content":{"rendered":"\t\t<div data-elementor-type=\"wp-page\" data-elementor-id=\"205\" class=\"elementor elementor-205\" data-elementor-post-type=\"page\">\n\t\t\t\t<div class=\"elementor-element elementor-element-8af48b4 e-con-full e-flex e-con e-parent\" data-id=\"8af48b4\" data-element_type=\"container\" data-e-type=\"container\" data-settings=\"{&quot;background_background&quot;:&quot;classic&quot;}\">\n\t\t<div class=\"elementor-element elementor-element-86aff23 e-con-full e-flex e-con e-child\" data-id=\"86aff23\" data-element_type=\"container\" data-e-type=\"container\">\n\t\t\t\t<div class=\"elementor-element elementor-element-7c4f04a elementor-widget elementor-widget-heading\" data-id=\"7c4f04a\" data-element_type=\"widget\" data-e-type=\"widget\" data-widget_type=\"heading.default\">\n\t\t\t\t<div class=\"elementor-widget-container\">\n\t\t\t\t\t<h2 class=\"elementor-heading-title elementor-size-default\">Trafik Sigortas\u0131<\/h2>\t\t\t\t<\/div>\n\t\t\t\t<\/div>\n\t\t\t\t<\/div>\n\t\t\t\t<\/div>\n\t\t<div class=\"elementor-element elementor-element-c3c0ee4 e-flex e-con-boxed e-con e-parent\" data-id=\"c3c0ee4\" data-element_type=\"container\" data-e-type=\"container\" data-settings=\"{&quot;background_background&quot;:&quot;classic&quot;}\">\n\t\t\t\t\t<div class=\"e-con-inner\">\n\t\t<div class=\"elementor-element elementor-element-9bf71c3 e-con-full e-flex e-con e-child\" data-id=\"9bf71c3\" data-element_type=\"container\" data-e-type=\"container\" data-settings=\"{&quot;background_background&quot;:&quot;classic&quot;}\">\n\t\t\t\t<div class=\"elementor-element elementor-element-73e5e99 elementor-widget elementor-widget-sidebar\" data-id=\"73e5e99\" data-element_type=\"widget\" data-e-type=\"widget\" data-widget_type=\"sidebar.default\">\n\t\t\t\t<div class=\"elementor-widget-container\">\n\t\t\t\t\t<section id=\"block-29\" class=\"widget widget_block widget_text\">\n<p class=\"has-theme-palette-9-color has-text-color has-background has-link-color wp-elements-c19d96dc37bf9c67b589b4aa49e937e4\" style=\"background-color:#2c5ea6\"><strong>H\u0130ZMETLER\u0130M\u0130Z<br>B\u0130REYSEL \u00dcR\u00dcNLER<\/strong><br><a href=\"https:\/\/hammurabisigorta.com\/?page_id=205\">TRAF\u0130K S\u0130GORTASI<\/a><br><a href=\"https:\/\/hammurabisigorta.com\/?page_id=224\">KASKO S\u0130GORTASI<\/a><br><a href=\"https:\/\/hammurabisigorta.com\/?page_id=233\">DASK (DEPREM) S\u0130GORTASI<\/a><br><a href=\"https:\/\/hammurabisigorta.com\/?page_id=238\">KONUT S\u0130GORTASI<\/a><br><a href=\"https:\/\/hammurabisigorta.com\/?page_id=243\">FERD\u0130 KAZA S\u0130GORTASI<\/a><br><strong>SA\u011eLIK S\u0130GORTASI<\/strong><br><a href=\"https:\/\/hammurabisigorta.com\/?page_id=260\">TAMAMLAYICI SA\u011eLIK S\u0130GORTASI<\/a><br><a href=\"https:\/\/hammurabisigorta.com\/?page_id=266\">\u00d6ZEL SA\u011eLIK S\u0130GORTASI<\/a><br><a href=\"https:\/\/hammurabisigorta.com\/?page_id=271\">YURTDI\u015eI SA\u011eLIK S\u0130GORTASI<\/a><br><a href=\"https:\/\/hammurabisigorta.com\/?page_id=281\">B\u0130REYSEL S\u0130BER G\u00dcVENL\u0130K S\u0130GORTASI<\/a><br><a href=\"https:\/\/hammurabisigorta.com\/?page_id=276\">S\u0130TE \/ APARTMAN Y\u00d6NET\u0130M S\u0130GORTASI<\/a><br><strong>KURUMSAL \u00dcR\u00dcNLER<\/strong><br><a href=\"https:\/\/hammurabisigorta.com\/?page_id=298\">M\u00dcHEND\u0130SL\u0130K S\u0130GORTALARI<\/a><br><a href=\"https:\/\/hammurabisigorta.com\/?page_id=304\">\u0130N\u015eAAT S\u0130GORTALARI<\/a><br><strong>SORUMLULUK S\u0130GORTALARI<\/strong><br><a href=\"https:\/\/hammurabisigorta.com\/?page_id=322\">NAKL\u0130YAT S\u0130GORTALARI<\/a><br><a href=\"https:\/\/hammurabisigorta.com\/?page_id=327\">F\u0130LO S\u0130GORTALARI<\/a><br><a href=\"https:\/\/hammurabisigorta.com\/?page_id=332\">LOJ\u0130ST\u0130K SEKT\u00d6R\u00dcNE \u00d6ZEL S\u0130GORTALAR<\/a><br><a href=\"https:\/\/hammurabisigorta.com\/?page_id=338\">F\u0130NANSAL R\u0130SK S\u0130GORTALARI<\/a><br><a href=\"https:\/\/hammurabisigorta.com\/?page_id=343\">GRUP FERD\u0130 KAZA S\u0130GORTALARI<\/a><\/p>\n<\/section>\t\t\t\t<\/div>\n\t\t\t\t<\/div>\n\t\t\t\t<\/div>\n\t\t<div class=\"elementor-element elementor-element-85cb14f e-con-full e-flex e-con e-child\" data-id=\"85cb14f\" data-element_type=\"container\" data-e-type=\"container\" data-settings=\"{&quot;background_background&quot;:&quot;classic&quot;}\">\n\t\t\t\t<div class=\"elementor-element elementor-element-69c19d1 elementor-widget elementor-widget-text-editor\" data-id=\"69c19d1\" data-element_type=\"widget\" data-e-type=\"widget\" data-widget_type=\"text-editor.default\">\n\t\t\t\t<div class=\"elementor-widget-container\">\n\t\t\t\t\t\t\t\t\t<p>2918 say\u0131l\u0131 Karayollar\u0131 Trafik Kanunu\u2019na g\u00f6re Zorunlu Trafik Sigortas\u0131 her ara\u00e7 sahibi taraf\u0131ndan yap\u0131lmas\u0131 zorunlu olan trafik sigortas\u0131d\u0131r. Zorunlu Trafik Sigortas\u0131 ya\u015fanabilecek kazalarda kar\u015f\u0131 taraf\u0131n maddi hasar\u0131n\u0131 teminat alt\u0131na al\u0131r.<\/p><p>Motorlu ta\u015f\u0131t s\u00fcr\u00fcc\u00fclerine yasalar \u00e7er\u00e7evesinde zorunlu tutulan sigortan\u0131n amac\u0131, maddi ve bedensel hasar olu\u015fmas\u0131 durumunda kay\u0131plar\u0131 en aza indirmek ve haklar\u0131 koruyabilmektir. Bu kapsamda 2918 say\u0131l\u0131 Karayollar\u0131 Trafik Kanunu ile belirlenen zorunlu trafik sigortas\u0131, kaza durumunda kar\u015f\u0131 taraf\u0131n zararlar\u0131n\u0131 kar\u015f\u0131lamay\u0131 ama\u00e7layan bir uygulamad\u0131r. Primleri d\u00fczenli olarak \u00f6denen ve aktif tutulan bir trafik sigortas\u0131, y\u00fcksek maliyetli tazminatlar\u0131 sigorta \u015firketi taraf\u0131ndan kar\u015f\u0131lanmas\u0131n\u0131 sa\u011flar. Ya\u015fan\u0131lan herhangi bir kaza durumunda, kazaya neden olan taraf; kar\u015f\u0131 taraf\u0131n arac\u0131nda olu\u015fan zararlar\u0131, s\u00fcr\u00fcc\u00fc ve di\u011fer yolcular\u0131n tedavi ve hastane \u00fccretlerini, \u00f6l\u00fcml\u00fc kazalarda ise \u00f6l\u00fcm tazminat\u0131n\u0131 \u00f6demek zorundad\u0131r. Aksi durumlarda haciz, icra ve hapis gibi yapt\u0131r\u0131mlar uygulanmaktad\u0131r.<\/p>\t\t\t\t\t\t\t\t<\/div>\n\t\t\t\t<\/div>\n\t\t<div class=\"elementor-element elementor-element-2435d03 e-con-full e-flex e-con e-child\" data-id=\"2435d03\" data-element_type=\"container\" data-e-type=\"container\">\n\t\t\t\t<div class=\"elementor-element elementor-element-fe267c8 elementor-widget elementor-widget-sina_dynamic_button\" data-id=\"fe267c8\" data-element_type=\"widget\" data-e-type=\"widget\" data-widget_type=\"sina_dynamic_button.default\">\n\t\t\t\t<div class=\"elementor-widget-container\">\n\t\t\t\t\t\t\t<div class=\"sina-dynamic-button\">\r\n\t\t\t<a  class=\"sina-dynamic-btn  sina-anim-zooming sina-hv-door-v\" href=\"https:\/\/hammurabisigorta.com\/download\/kazatespit.pdf\"\r\n\t\t\t\t\t\t\t\t\t\t\t\t\ttarget=\"_blank\" \r\n\t\t\t\t\t\t\t\t>\r\n\t\t\t\t\t\t\tKaza Tespit Tutana\u011f\u0131\t\t\t\t\t<i class=\"fa fa-cloud-download sina-icon-right\"><\/i>\r\n\t\t\t\t\t\t<\/a>\r\n\t\t<\/div><!-- .sina-dynamic-button -->\r\n\t\t\t\t\t\t<\/div>\n\t\t\t\t<\/div>\n\t\t\t\t<\/div>\n\t\t\t\t<\/div>\n\t\t\t\t\t<\/div>\n\t\t\t\t<\/div>\n\t\t<div class=\"elementor-element elementor-element-e215a5d e-flex e-con-boxed e-con e-parent\" data-id=\"e215a5d\" data-element_type=\"container\" data-e-type=\"container\" data-settings=\"{&quot;background_background&quot;:&quot;classic&quot;}\">\n\t\t\t\t\t<div class=\"e-con-inner\">\n\t\t<div class=\"elementor-element elementor-element-cd615af e-con-full e-flex e-con e-child\" data-id=\"cd615af\" data-element_type=\"container\" data-e-type=\"container\">\n\t\t\t\t<div class=\"elementor-element elementor-element-eabef73 elementor-widget elementor-widget-heading\" data-id=\"eabef73\" data-element_type=\"widget\" data-e-type=\"widget\" data-widget_type=\"heading.default\">\n\t\t\t\t<div class=\"elementor-widget-container\">\n\t\t\t\t\t<h2 class=\"elementor-heading-title elementor-size-default\">Trafik Teklifi i\u00e7in l\u00fctfen formu doldurunuz...<\/h2>\t\t\t\t<\/div>\n\t\t\t\t<\/div>\n\t\t\t\t<div class=\"elementor-element elementor-element-2828c0a elementor-widget elementor-widget-shortcode\" data-id=\"2828c0a\" data-element_type=\"widget\" data-e-type=\"widget\" data-widget_type=\"shortcode.default\">\n\t\t\t\t<div class=\"elementor-widget-container\">\n\t\t\t\t\t\t\t<div class=\"elementor-shortcode\">\n<div class=\"wpcf7 no-js\" id=\"wpcf7-f201-o1\" lang=\"tr-TR\" dir=\"ltr\" data-wpcf7-id=\"201\">\n<div class=\"screen-reader-response\"><p role=\"status\" aria-live=\"polite\" aria-atomic=\"true\"><\/p> <ul><\/ul><\/div>\n<form action=\"\/index.php?rest_route=%2Fwp%2Fv2%2Fpages%2F205#wpcf7-f201-o1\" method=\"post\" class=\"wpcf7-form init\" aria-label=\"\u0130leti\u015fim Formu\" novalidate=\"novalidate\" data-status=\"init\">\n<fieldset class=\"hidden-fields-container\"><input type=\"hidden\" name=\"_wpcf7\" value=\"201\" \/><input type=\"hidden\" name=\"_wpcf7_version\" value=\"6.1.5\" \/><input type=\"hidden\" name=\"_wpcf7_locale\" value=\"tr_TR\" \/><input type=\"hidden\" name=\"_wpcf7_unit_tag\" value=\"wpcf7-f201-o1\" \/><input type=\"hidden\" name=\"_wpcf7_container_post\" value=\"0\" \/><input type=\"hidden\" name=\"_wpcf7_posted_data_hash\" value=\"\" \/><input type=\"hidden\" name=\"_wpcf7_recaptcha_response\" value=\"\" \/>\n<\/fieldset>\n<div class=\"clearfix\">\n\t<div id=\"left\">\n\t\t<p><span class=\"wpcf7-form-control-wrap\" data-name=\"your-name\"><input size=\"40\" maxlength=\"400\" class=\"wpcf7-form-control wpcf7-text wpcf7-validates-as-required\" autocomplete=\"name\" aria-required=\"true\" aria-invalid=\"false\" placeholder=\"Ad\u0131n\u0131z Soyad\u0131n\u0131z *\" value=\"\" type=\"text\" name=\"your-name\" \/><\/span>\n\t\t<\/p>\n\t\t<p><span class=\"wpcf7-form-control-wrap\" data-name=\"your-email\"><input size=\"40\" maxlength=\"400\" class=\"wpcf7-form-control wpcf7-email wpcf7-validates-as-required wpcf7-text wpcf7-validates-as-email\" autocomplete=\"email\" aria-required=\"true\" aria-invalid=\"false\" placeholder=\"E-Posta Adresiniz *\" value=\"\" type=\"email\" name=\"your-email\" \/><\/span>\n\t\t<\/p>\n\t\t<p><span class=\"wpcf7-form-control-wrap\" data-name=\"your-plaka\"><input size=\"40\" maxlength=\"400\" class=\"wpcf7-form-control wpcf7-text wpcf7-validates-as-required\" autocomplete=\"name\" aria-required=\"true\" aria-invalid=\"false\" placeholder=\"Plaka *\" value=\"\" type=\"text\" name=\"your-plaka\" \/><\/span>\n\t\t<\/p>\n\t<\/div>\n\t<div id=\"right\">\n\t\t<p><span class=\"wpcf7-form-control-wrap\" data-name=\"tel-808\"><input size=\"40\" maxlength=\"400\" class=\"wpcf7-form-control wpcf7-tel wpcf7-validates-as-required wpcf7-text wpcf7-validates-as-tel\" aria-required=\"true\" aria-invalid=\"false\" placeholder=\"Telefon Numaras\u0131 *\" value=\"\" type=\"tel\" name=\"tel-808\" \/><\/span>\n\t\t<\/p>\n\t\t<p><span class=\"wpcf7-form-control-wrap\" data-name=\"your-tckimlik\"><input size=\"40\" maxlength=\"400\" class=\"wpcf7-form-control wpcf7-text wpcf7-validates-as-required\" autocomplete=\"name\" aria-required=\"true\" aria-invalid=\"false\" placeholder=\"T.C. Kimlik No *\" value=\"\" type=\"text\" name=\"your-tckimlik\" \/><\/span>\n\t\t<\/p>\n\t\t<p><span class=\"wpcf7-form-control-wrap\" data-name=\"your-belgeseri\"><input size=\"40\" maxlength=\"400\" class=\"wpcf7-form-control wpcf7-text wpcf7-validates-as-required\" autocomplete=\"name\" aria-required=\"true\" aria-invalid=\"false\" placeholder=\"Belge Seri No *\" value=\"\" type=\"text\" name=\"your-belgeseri\" \/><\/span>\n\t\t<\/p>\n\t<\/div>\n<\/div>\n<font face=\"Tahoma\">\n\t<p><span class=\"wpcf7-form-control-wrap\" data-name=\"acceptance-107\"><span class=\"wpcf7-form-control wpcf7-acceptance\"><span class=\"wpcf7-list-item\"><label><input type=\"checkbox\" name=\"acceptance-107\" value=\"1\" aria-invalid=\"false\" \/><span class=\"wpcf7-list-item-label\"><font color=\"White\">Bu formu doldururken<\/font> <a href=\"https:\/\/hammurabisigorta.com\/?page_id=122\" target=\"_blank\" >KVKK<\/a><font color=\"White\"> okudu\u011fumu ve <\/font><a href=\"https:\/\/hammurabisigorta.com\/?page_id=130\" target=\"_blank\" >\u00c7erez Politikas\u0131<\/a><font color=\"White\">' n\u0131 kabul etti\u011fimi onayl\u0131yorum.<\/font><\/span><\/label><\/span><\/span><\/span>\n\t<\/p>\n<\/font>\n<div class=\"recaptcha-spacing\">\n<\/div>\n<p>\n<span class=\"wpcf7-form-control-wrap recaptcha\" data-name=\"recaptcha\"><span data-sitekey=\"6LcDUqIqAAAAAJPjiINEzlBN0tWEM_xL-MBuzcAY\" class=\"wpcf7-form-control wpcf7-recaptcha g-recaptcha\"><\/span>\r\n<noscript>\r\n\t<div class=\"grecaptcha-noscript\">\r\n\t\t<iframe src=\"https:\/\/www.google.com\/recaptcha\/api\/fallback?k=6LcDUqIqAAAAAJPjiINEzlBN0tWEM_xL-MBuzcAY\" frameborder=\"0\" scrolling=\"no\" width=\"310\" height=\"430\">\r\n\t\t<\/iframe>\r\n\t\t<textarea name=\"g-recaptcha-response\" rows=\"3\" cols=\"40\" placeholder=\"reCaptcha Response Here\">\r\n\t\t<\/textarea>\r\n\t<\/div>\r\n<\/noscript>\r\n<\/span>\n<\/p>\n<p><input class=\"wpcf7-form-control wpcf7-submit has-spinner\" type=\"submit\" value=\"G\u00f6nder\" \/>\n<\/p><div class=\"wpcf7-response-output\" aria-hidden=\"true\"><\/div>\n<\/form>\n<\/div>\n<\/div>\n\t\t\t\t\t\t<\/div>\n\t\t\t\t<\/div>\n\t\t\t\t<\/div>\n\t\t\t\t\t<\/div>\n\t\t\t\t<\/div>\n\t\t\t\t<\/div>\n\t\t","protected":false},"excerpt":{"rendered":"<p>Trafik Sigortas\u0131 2918 say\u0131l\u0131 Karayollar\u0131 Trafik Kanunu\u2019na g\u00f6re Zorunlu Trafik Sigortas\u0131 her ara\u00e7 sahibi taraf\u0131ndan yap\u0131lmas\u0131 zorunlu olan trafik sigortas\u0131d\u0131r. Zorunlu Trafik Sigortas\u0131 ya\u015fanabilecek kazalarda kar\u015f\u0131 taraf\u0131n maddi hasar\u0131n\u0131 teminat alt\u0131na al\u0131r. Motorlu ta\u015f\u0131t s\u00fcr\u00fcc\u00fclerine yasalar \u00e7er\u00e7evesinde zorunlu tutulan sigortan\u0131n amac\u0131, maddi ve bedensel hasar olu\u015fmas\u0131 durumunda kay\u0131plar\u0131 en aza indirmek ve haklar\u0131 koruyabilmektir. Bu&#8230;<\/p>\n","protected":false},"author":1,"featured_media":0,"parent":0,"menu_order":0,"comment_status":"closed","ping_status":"closed","template":"","meta":{"_kad_post_transparent":"","_kad_post_title":"hide","_kad_post_layout":"fullwidth","_kad_post_sidebar_id":"","_kad_post_content_style":"unboxed","_kad_post_vertical_padding":"hide","_kad_post_feature":"hide","_kad_post_feature_position":"","_kad_post_header":false,"_kad_post_footer":false,"_kad_post_classname":"","_joinchat":[],"footnotes":""},"class_list":["post-205","page","type-page","status-publish","hentry"],"_links":{"self":[{"href":"https:\/\/hammurabisigorta.com\/index.php?rest_route=\/wp\/v2\/pages\/205","targetHints":{"allow":["GET"]}}],"collection":[{"href":"https:\/\/hammurabisigorta.com\/index.php?rest_route=\/wp\/v2\/pages"}],"about":[{"href":"https:\/\/hammurabisigorta.com\/index.php?rest_route=\/wp\/v2\/types\/page"}],"author":[{"embeddable":true,"href":"https:\/\/hammurabisigorta.com\/index.php?rest_route=\/wp\/v2\/users\/1"}],"replies":[{"embeddable":true,"href":"https:\/\/hammurabisigorta.com\/index.php?rest_route=%2Fwp%2Fv2%2Fcomments&post=205"}],"version-history":[{"count":26,"href":"https:\/\/hammurabisigorta.com\/index.php?rest_route=\/wp\/v2\/pages\/205\/revisions"}],"predecessor-version":[{"id":567,"href":"https:\/\/hammurabisigorta.com\/index.php?rest_route=\/wp\/v2\/pages\/205\/revisions\/567"}],"wp:attachment":[{"href":"https:\/\/hammurabisigorta.com\/index.php?rest_route=%2Fwp%2Fv2%2Fmedia&parent=205"}],"curies":[{"name":"wp","href":"https:\/\/api.w.org\/{rel}","templated":true}]}}