{"id":94,"date":"2024-12-21T16:39:56","date_gmt":"2024-12-21T16:39:56","guid":{"rendered":"https:\/\/hammurabisigorta.com\/wp\/?page_id=94"},"modified":"2024-12-21T17:25:35","modified_gmt":"2024-12-21T17:25:35","slug":"hakkimizda","status":"publish","type":"page","link":"https:\/\/hammurabisigorta.com\/?page_id=94","title":{"rendered":"Hakk\u0131m\u0131zda"},"content":{"rendered":"\t\t<div data-elementor-type=\"wp-page\" data-elementor-id=\"94\" class=\"elementor elementor-94\" data-elementor-post-type=\"page\">\n\t\t\t\t<div class=\"elementor-element elementor-element-8af48b4 e-con-full e-flex e-con e-parent\" data-id=\"8af48b4\" data-element_type=\"container\" data-e-type=\"container\" data-settings=\"{&quot;background_background&quot;:&quot;classic&quot;}\">\n\t\t<div class=\"elementor-element elementor-element-86aff23 e-con-full e-flex e-con e-child\" data-id=\"86aff23\" data-element_type=\"container\" data-e-type=\"container\">\n\t\t\t\t<div class=\"elementor-element elementor-element-7c4f04a elementor-widget elementor-widget-heading\" data-id=\"7c4f04a\" data-element_type=\"widget\" data-e-type=\"widget\" data-widget_type=\"heading.default\">\n\t\t\t\t<div class=\"elementor-widget-container\">\n\t\t\t\t\t<h2 class=\"elementor-heading-title elementor-size-default\">Hakk\u0131m\u0131zda<\/h2>\t\t\t\t<\/div>\n\t\t\t\t<\/div>\n\t\t\t\t<\/div>\n\t\t\t\t<\/div>\n\t\t<div class=\"elementor-element elementor-element-c3c0ee4 e-flex e-con-boxed e-con e-parent\" data-id=\"c3c0ee4\" data-element_type=\"container\" data-e-type=\"container\" data-settings=\"{&quot;background_background&quot;:&quot;classic&quot;}\">\n\t\t\t\t\t<div class=\"e-con-inner\">\n\t\t<div class=\"elementor-element elementor-element-9bf71c3 e-con-full e-flex e-con e-child\" data-id=\"9bf71c3\" data-element_type=\"container\" data-e-type=\"container\" data-settings=\"{&quot;background_background&quot;:&quot;classic&quot;}\">\n\t\t\t\t<div class=\"elementor-element elementor-element-73e5e99 elementor-widget elementor-widget-sidebar\" data-id=\"73e5e99\" data-element_type=\"widget\" data-e-type=\"widget\" data-widget_type=\"sidebar.default\">\n\t\t\t\t<div class=\"elementor-widget-container\">\n\t\t\t\t\t<section id=\"block-13\" class=\"widget widget_block widget_text\">\n<p class=\"has-theme-palette-9-color has-text-color has-background has-link-color wp-elements-80178a5d9dab71d491ba57499269e59e\" style=\"background-color:#2c5ea6\"><strong>KURUMSAL<\/strong><br><a href=\"https:\/\/hammurabisigorta.com\/?page_id=94\">HAKKIMIZDA<\/a><br><a href=\"https:\/\/hammurabisigorta.com\/?page_id=122\">KVKK<\/a><br><a href=\"https:\/\/hammurabisigorta.com\/?page_id=130\">\u00c7EREZ POL\u0130T\u0130KASI<\/a><\/p>\n<\/section>\t\t\t\t<\/div>\n\t\t\t\t<\/div>\n\t\t\t\t<\/div>\n\t\t<div class=\"elementor-element elementor-element-85cb14f e-con-full e-flex e-con e-child\" data-id=\"85cb14f\" data-element_type=\"container\" data-e-type=\"container\" data-settings=\"{&quot;background_background&quot;:&quot;classic&quot;}\">\n\t\t\t\t<div class=\"elementor-element elementor-element-69c19d1 elementor-widget elementor-widget-text-editor\" data-id=\"69c19d1\" data-element_type=\"widget\" data-e-type=\"widget\" data-widget_type=\"text-editor.default\">\n\t\t\t\t<div class=\"elementor-widget-container\">\n\t\t\t\t\t\t\t\t\t<p>Sigorta sekt\u00f6r\u00fcn\u00fcn t\u00fcm bran\u015flar\u0131nda geni\u015f bilgi ve deneyimiyle hizmet veren <strong>HAMMURAB\u0130 S\u0130GORTA<\/strong>, bu hizmeti sa\u011flarken devaml\u0131 m\u00fc\u015fteri memnuniyetini hedefleyen, m\u00fc\u015fteri ili\u015fkilerinde her zaman uzman bilgi yap\u0131s\u0131, deneyimi, d\u00fcr\u00fcstl\u00fck ve m\u00fc\u015fteriye verilebilecek t\u00fcm bilgileri eksiksiz ve hedefine en uygun bir \u015fekilde vermeyi kendisine ilke edinmi\u015ftir.<\/p><p>Sosyal sorumluluk \u00e7er\u00e7evesinde, etkin ve \u00e7evresine tamamen duyarl\u0131 bir \u00e7al\u0131\u015fma yap\u0131s\u0131na sahip olan <strong>HAMMURAB\u0130 S\u0130GORTA<\/strong>, Kaza Sigortas\u0131ndan, Konut Sigortas\u0131na ve nakliyattan seyahate kadar t\u00fcm sigorta bran\u015flar\u0131nda siz de\u011ferli m\u00fc\u015fterilerimize tam ve eksiksiz hizmet anlay\u0131\u015f\u0131na sahiptir.<\/p><p>Sigortac\u0131l\u0131k esaslar\u0131n\u0131 tam ve eksiksiz takip eden firmam\u0131z m\u00fc\u015fteri odakl\u0131 \u00e7al\u0131\u015fma tarz\u0131 ile her m\u00fc\u015fterinin ihtiya\u00e7 ve taleplerine uygun olarak en iyi \u015fekilde y\u00f6nlendirip alabilece\u011fi verimi maksimuma \u00e7\u0131karmak i\u00e7in kendi i\u00e7erisindeki t\u00fcm \u00f6zkaynaklar\u0131 kullanmaktad\u0131r.<\/p><p>Bu sebepten dolay\u0131 <strong>HAMMURAB\u0130 S\u0130GORTA <\/strong>m\u00fc\u015fteri memnuniyetini her zaman en \u00fcst seviyede tutmu\u015ftur ve tutmaya da devam edecektir.<\/p><p>Geni\u015f bir m\u00fc\u015fteri portf\u00f6y\u00fc olan <strong>HAMMURAB\u0130 S\u0130GORTA<\/strong> m\u00fc\u015fterilerinden gelen her t\u00fcrl\u00fc g\u00f6r\u00fc\u015f ve \u00f6nerileri de\u011ferlendirerek mevcut m\u00fc\u015fteri memnuiyetini en \u00fcst seviyelere \u00e7\u0131karmay\u0131 hedeflemektedir.<\/p>\t\t\t\t\t\t\t\t<\/div>\n\t\t\t\t<\/div>\n\t\t\t\t<\/div>\n\t\t\t\t\t<\/div>\n\t\t\t\t<\/div>\n\t\t<div class=\"elementor-element elementor-element-e215a5d e-flex e-con-boxed e-con e-parent\" data-id=\"e215a5d\" data-element_type=\"container\" data-e-type=\"container\" data-settings=\"{&quot;background_background&quot;:&quot;classic&quot;}\">\n\t\t\t\t\t<div class=\"e-con-inner\">\n\t\t\t\t\t<\/div>\n\t\t\t\t<\/div>\n\t\t\t\t<\/div>\n\t\t","protected":false},"excerpt":{"rendered":"<p>Hakk\u0131m\u0131zda Sigorta sekt\u00f6r\u00fcn\u00fcn t\u00fcm bran\u015flar\u0131nda geni\u015f bilgi ve deneyimiyle hizmet veren HAMMURAB\u0130 S\u0130GORTA, bu hizmeti sa\u011flarken devaml\u0131 m\u00fc\u015fteri memnuniyetini hedefleyen, m\u00fc\u015fteri ili\u015fkilerinde her zaman uzman bilgi yap\u0131s\u0131, deneyimi, d\u00fcr\u00fcstl\u00fck ve m\u00fc\u015fteriye verilebilecek t\u00fcm bilgileri eksiksiz ve hedefine en uygun bir \u015fekilde vermeyi kendisine ilke edinmi\u015ftir. Sosyal sorumluluk \u00e7er\u00e7evesinde, etkin ve \u00e7evresine tamamen duyarl\u0131 bir \u00e7al\u0131\u015fma&#8230;<\/p>\n","protected":false},"author":1,"featured_media":0,"parent":0,"menu_order":0,"comment_status":"closed","ping_status":"closed","template":"","meta":{"_kad_post_transparent":"","_kad_post_title":"hide","_kad_post_layout":"fullwidth","_kad_post_sidebar_id":"","_kad_post_content_style":"unboxed","_kad_post_vertical_padding":"hide","_kad_post_feature":"hide","_kad_post_feature_position":"","_kad_post_header":false,"_kad_post_footer":false,"_kad_post_classname":"","_joinchat":[],"footnotes":""},"class_list":["post-94","page","type-page","status-publish","hentry"],"_links":{"self":[{"href":"https:\/\/hammurabisigorta.com\/index.php?rest_route=\/wp\/v2\/pages\/94","targetHints":{"allow":["GET"]}}],"collection":[{"href":"https:\/\/hammurabisigorta.com\/index.php?rest_route=\/wp\/v2\/pages"}],"about":[{"href":"https:\/\/hammurabisigorta.com\/index.php?rest_route=\/wp\/v2\/types\/page"}],"author":[{"embeddable":true,"href":"https:\/\/hammurabisigorta.com\/index.php?rest_route=\/wp\/v2\/users\/1"}],"replies":[{"embeddable":true,"href":"https:\/\/hammurabisigorta.com\/index.php?rest_route=%2Fwp%2Fv2%2Fcomments&post=94"}],"version-history":[{"count":22,"href":"https:\/\/hammurabisigorta.com\/index.php?rest_route=\/wp\/v2\/pages\/94\/revisions"}],"predecessor-version":[{"id":121,"href":"https:\/\/hammurabisigorta.com\/index.php?rest_route=\/wp\/v2\/pages\/94\/revisions\/121"}],"wp:attachment":[{"href":"https:\/\/hammurabisigorta.com\/index.php?rest_route=%2Fwp%2Fv2%2Fmedia&parent=94"}],"curies":[{"name":"wp","href":"https:\/\/api.w.org\/{rel}","templated":true}]}}